{"id":31208,"date":"2023-06-14T05:23:47","date_gmt":"2023-06-14T05:23:47","guid":{"rendered":"https:\/\/cubabodyshop.com\/?page_id=31208"},"modified":"2024-10-29T20:32:37","modified_gmt":"2024-10-29T20:32:37","slug":"portfolio-horizontal-scroll","status":"publish","type":"page","link":"https:\/\/cubabodyshop.com\/en\/portfolio-horizontal-scroll\/","title":{"rendered":"Services"},"content":{"rendered":"<div data-elementor-type=\"wp-page\" data-elementor-id=\"31208\" class=\"elementor elementor-31208\">\n\t\t\t\t\t\t<section class=\"elementor-section elementor-top-section elementor-element elementor-element-050fd5e elementor-section-boxed elementor-section-height-default elementor-section-height-default sc_fly_static\" data-id=\"050fd5e\" data-element_type=\"section\" data-e-type=\"section\">\n\t\t\t\t\t\t<div class=\"elementor-container elementor-column-gap-extended\">\n\t\t\t\t\t<div class=\"elementor-column elementor-col-100 elementor-top-column elementor-element elementor-element-32a72fb sc_content_align_inherit sc_layouts_column_icons_position_left sc_fly_static\" data-id=\"32a72fb\" data-element_type=\"column\" data-e-type=\"column\">\n\t\t\t<div class=\"elementor-widget-wrap elementor-element-populated\">\n\t\t\t\t\t\t<div class=\"elementor-element elementor-element-bfcd8b4 sc_height_huge sc_fly_static elementor-widget elementor-widget-spacer\" data-id=\"bfcd8b4\" data-element_type=\"widget\" data-e-type=\"widget\" data-widget_type=\"spacer.default\">\n\t\t\t\t<div class=\"elementor-widget-container\">\n\t\t\t\t\t\t\t<div class=\"elementor-spacer\">\n\t\t\t<div class=\"elementor-spacer-inner\"><\/div>\n\t\t<\/div>\n\t\t\t\t\t\t<\/div>\n\t\t\t\t<\/div>\n\t\t\t\t<div class=\"elementor-element elementor-element-b7d29a9 sc_fly_static elementor-widget elementor-widget-spacer\" data-id=\"b7d29a9\" data-element_type=\"widget\" data-e-type=\"widget\" data-widget_type=\"spacer.default\">\n\t\t\t\t<div class=\"elementor-widget-container\">\n\t\t\t\t\t\t\t<div class=\"elementor-spacer\">\n\t\t\t<div class=\"elementor-spacer-inner\"><\/div>\n\t\t<\/div>\n\t\t\t\t\t\t<\/div>\n\t\t\t\t<\/div>\n\t\t\t\t\t<\/div>\n\t\t<\/div>\n\t\t\t\t\t<\/div>\n\t\t<\/section>\n\t\t\t\t<section class=\"elementor-section elementor-top-section elementor-element elementor-element-30d417c elementor-section-full_width elementor-section-height-default elementor-section-height-default sc_fly_static\" data-id=\"30d417c\" data-element_type=\"section\" data-e-type=\"section\">\n\t\t\t\t\t\t<div class=\"elementor-container elementor-column-gap-extended\">\n\t\t\t\t\t<div class=\"elementor-column elementor-col-100 elementor-top-column elementor-element elementor-element-eaa9a77 sc_content_align_inherit sc_layouts_column_icons_position_left sc_fly_static\" data-id=\"eaa9a77\" data-element_type=\"column\" data-e-type=\"column\">\n\t\t\t<div class=\"elementor-widget-wrap elementor-element-populated\">\n\t\t\t\t\t\t<div class=\"elementor-element elementor-element-9d841c8 sc_fly_static elementor-widget elementor-widget-trx_sc_portfolio\" data-id=\"9d841c8\" data-element_type=\"widget\" data-e-type=\"widget\" data-widget_type=\"trx_sc_portfolio.default\">\n\t\t\t\t<div class=\"elementor-widget-container\">\n\t\t\t\t\t<div \t\tclass=\"sc_portfolio sc_portfolio_qw-board\"><div  class=\"sc_portfolio_slider sc_item_slider slider_swiper_outer slider_outer slider_outer_nocontrols slider_outer_nopagination slider_outer_centered slider_outer_overflow_hidden slider_outer_multi\">\n\t<div  data-slides-per-view-breakpoints=\"{&quot;1279&quot;:3,&quot;999999&quot;:4}\" data-slides-space-breakpoints=\"{&quot;999999&quot;:20}\" class=\"slider_container swiper-slider-container slider_swiper slider_noresize slider_nocontrols slider_nopagination slider_centered slider_overflow_hidden slider_multi\" data-slides-per-view=\"4\" data-slides-space=\"20\" data-effect=\"slide\" data-slides-min-width=\"220\" data-pagination=\"bullets\" data-direction=\"horizontal\" data-mouse-wheel=\"1\" data-autoplay=\"0\" data-loop=\"1\" data-free-mode=\"1\" data-slides-centered=\"1\" data-slides-overflow=\"0\">\n\t\t<div class=\"slides slider-wrapper swiper-wrapper sc_item_columns_4\"><div class=\"slider-slide swiper-slide\"><div data-post-id=\"2920\" class=\"sc_portfolio_item sc_item_container post_container\">\n\t<div class=\"post_featured with_thumb hover_info sc_portfolio_item_thumb post_featured_bg\"><span class=\"post_thumb post_thumb_bg bg_in tuning_inline_808946439\"><\/span>\t\t\t\t\t\t<div class=\"mask\"><\/div>\n\t\t\t\t\t\t<a href=\"https:\/\/cubabodyshop.com\/en\/portfolio\/dent-removal\/\"><\/a><div class=\"post_info\"><div class=\"post_meta post_meta_categories\"><span class=\"post_meta_item post_categories cat_sep\"><a href=\"https:\/\/cubabodyshop.com\/en\/portfolio_group\/body-shop\/\" title=\"View all posts in Body shop\">Body shop<\/a><\/span><\/div><h5 class=\"post_title\"><a href=\"https:\/\/cubabodyshop.com\/en\/portfolio\/dent-removal\/\">Dents removal<\/a><\/h5><\/div><\/div>\t\n<\/div><\/div><div class=\"slider-slide swiper-slide\"><div data-post-id=\"2919\" class=\"sc_portfolio_item sc_item_container post_container\">\n\t<div class=\"post_featured with_thumb hover_info sc_portfolio_item_thumb post_featured_bg\"><span class=\"post_thumb post_thumb_bg bg_in tuning_inline_314739598\"><\/span>\t\t\t\t\t\t<div class=\"mask\"><\/div>\n\t\t\t\t\t\t<a href=\"https:\/\/cubabodyshop.com\/en\/portfolio\/front-end-repair\/\"><\/a><div class=\"post_info\"><div class=\"post_meta post_meta_categories\"><span class=\"post_meta_item post_categories cat_sep\"><a href=\"https:\/\/cubabodyshop.com\/en\/portfolio_group\/body-shop\/\" title=\"View all posts in Body shop\">Body shop<\/a><\/span><\/div><h5 class=\"post_title\"><a href=\"https:\/\/cubabodyshop.com\/en\/portfolio\/front-end-repair\/\">Front repair<\/a><\/h5><\/div><\/div>\t\n<\/div><\/div><div class=\"slider-slide swiper-slide\"><div data-post-id=\"2910\" class=\"sc_portfolio_item sc_item_container post_container\">\n\t<div class=\"post_featured with_thumb hover_info sc_portfolio_item_thumb post_featured_bg\"><span class=\"post_thumb post_thumb_bg bg_in tuning_inline_1182858210\"><\/span>\t\t\t\t\t\t<div class=\"mask\"><\/div>\n\t\t\t\t\t\t<a href=\"https:\/\/cubabodyshop.com\/en\/portfolio\/collision-repair\/\"><\/a><div class=\"post_info\"><div class=\"post_meta post_meta_categories\"><span class=\"post_meta_item post_categories cat_sep\"><a href=\"https:\/\/cubabodyshop.com\/en\/portfolio_group\/body-shop\/\" title=\"View all posts in Body shop\">Body shop<\/a><\/span><\/div><h5 class=\"post_title\"><a href=\"https:\/\/cubabodyshop.com\/en\/portfolio\/collision-repair\/\">Collision repair<\/a><\/h5><\/div><\/div>\t\n<\/div><\/div><div class=\"slider-slide swiper-slide\"><div data-post-id=\"2853\" class=\"sc_portfolio_item sc_item_container post_container\">\n\t<div class=\"post_featured with_thumb hover_info sc_portfolio_item_thumb post_featured_bg\"><span class=\"post_thumb post_thumb_bg bg_in tuning_inline_1858805826\"><\/span>\t\t\t\t\t\t<div class=\"mask\"><\/div>\n\t\t\t\t\t\t<a href=\"https:\/\/cubabodyshop.com\/en\/portfolio\/car-tune-up\/\"><\/a><div class=\"post_info\"><div class=\"post_meta post_meta_categories\"><span class=\"post_meta_item post_categories cat_sep\"><a href=\"https:\/\/cubabodyshop.com\/en\/portfolio_group\/body-shop\/\" title=\"View all posts in Body shop\">Body shop<\/a><\/span><\/div><h5 class=\"post_title\"><a href=\"https:\/\/cubabodyshop.com\/en\/portfolio\/car-tune-up\/\">Oil change<\/a><\/h5><\/div><\/div>\t\n<\/div><\/div><div class=\"slider-slide swiper-slide\"><div data-post-id=\"2922\" class=\"sc_portfolio_item sc_item_container post_container\">\n\t<div class=\"post_featured with_thumb hover_info sc_portfolio_item_thumb post_featured_bg\"><span class=\"post_thumb post_thumb_bg bg_in tuning_inline_1467867856\"><\/span>\t\t\t\t\t\t<div class=\"mask\"><\/div>\n\t\t\t\t\t\t<a href=\"https:\/\/cubabodyshop.com\/en\/portfolio\/fender-repair\/\"><\/a><div class=\"post_info\"><div class=\"post_meta post_meta_categories\"><span class=\"post_meta_item post_categories cat_sep\"><a href=\"https:\/\/cubabodyshop.com\/en\/portfolio_group\/body-shop\/\" title=\"View all posts in Body shop\">Body shop<\/a><\/span><\/div><h5 class=\"post_title\"><a href=\"https:\/\/cubabodyshop.com\/en\/portfolio\/fender-repair\/\">Battery replacement<\/a><\/h5><\/div><\/div>\t\n<\/div><\/div><div class=\"slider-slide swiper-slide\"><div data-post-id=\"2921\" class=\"sc_portfolio_item sc_item_container post_container\">\n\t<div class=\"post_featured with_thumb hover_info sc_portfolio_item_thumb post_featured_bg\"><span class=\"post_thumb post_thumb_bg bg_in tuning_inline_984540832\"><\/span>\t\t\t\t\t\t<div class=\"mask\"><\/div>\n\t\t\t\t\t\t<a href=\"https:\/\/cubabodyshop.com\/en\/portfolio\/bumper-replacement\/\"><\/a><div class=\"post_info\"><div class=\"post_meta post_meta_categories\"><span class=\"post_meta_item post_categories cat_sep\"><a href=\"https:\/\/cubabodyshop.com\/en\/portfolio_group\/body-shop\/\" title=\"View all posts in Body shop\">Body shop<\/a><\/span><\/div><h5 class=\"post_title\"><a href=\"https:\/\/cubabodyshop.com\/en\/portfolio\/bumper-replacement\/\">Bumper repair<\/a><\/h5><\/div><\/div>\t\n<\/div><\/div><\/div><\/div><\/div><\/div>\t\t\t\t<\/div>\n\t\t\t\t<\/div>\n\t\t\t\t<div class=\"elementor-element elementor-element-83043d5 sc_fly_static elementor-widget elementor-widget-html\" data-id=\"83043d5\" data-element_type=\"widget\" data-e-type=\"widget\" data-widget_type=\"html.default\">\n\t\t\t\t<div class=\"elementor-widget-container\">\n\t\t\t\t\t<script>\n    \/\/ Selecciona el contenedor en el que deseas eliminar los enlaces\nconst container = document.querySelector('.slides');\n\n\/\/ Encuentra todos los enlaces dentro del contenedor\nconst links = container.querySelectorAll('a');\n\n\/\/ Reemplaza cada enlace con su contenido interno\nlinks.forEach(link => {\n  \/\/ Crea un nodo de texto temporal con el contenido del enlace\n  const span = document.createElement('span');\n  span.innerHTML = link.innerHTML;\n\n  \/\/ Reemplaza el enlace por el contenido\n  link.parentNode.replaceChild(span, link);\n});\n\n<\/script>\t\t\t\t<\/div>\n\t\t\t\t<\/div>\n\t\t\t\t\t<\/div>\n\t\t<\/div>\n\t\t\t\t\t<\/div>\n\t\t<\/section>\n\t\t\t\t<section class=\"elementor-section elementor-top-section elementor-element elementor-element-2e2660a elementor-section-boxed elementor-section-height-default elementor-section-height-default sc_fly_static\" data-id=\"2e2660a\" data-element_type=\"section\" data-e-type=\"section\">\n\t\t\t\t\t\t<div class=\"elementor-container elementor-column-gap-extended\">\n\t\t\t\t\t<div class=\"elementor-column elementor-col-100 elementor-top-column elementor-element elementor-element-d4051fb sc_content_align_inherit sc_layouts_column_icons_position_left sc_fly_static\" data-id=\"d4051fb\" data-element_type=\"column\" data-e-type=\"column\">\n\t\t\t<div class=\"elementor-widget-wrap elementor-element-populated\">\n\t\t\t\t\t\t<div class=\"elementor-element elementor-element-fb6d832 sc_height_large sc_fly_static elementor-widget elementor-widget-spacer\" data-id=\"fb6d832\" data-element_type=\"widget\" data-e-type=\"widget\" data-widget_type=\"spacer.default\">\n\t\t\t\t<div class=\"elementor-widget-container\">\n\t\t\t\t\t\t\t<div class=\"elementor-spacer\">\n\t\t\t<div class=\"elementor-spacer-inner\"><\/div>\n\t\t<\/div>\n\t\t\t\t\t\t<\/div>\n\t\t\t\t<\/div>\n\t\t\t\t\t<\/div>\n\t\t<\/div>\n\t\t\t\t\t<\/div>\n\t\t<\/section>\n\t\t\t\t<\/div>","protected":false},"excerpt":{"rendered":"<p>Body shop Eliminaci\u00f3n de Abolladuras Body shop Reparaci\u00f3n Frontal Body shop Reparaci\u00f3n de Colisiones Body shop Cambio de Aceite Body shop Reemplazo de Bater\u00eda Body shop Reparaci\u00f3n de Parachoques<\/p>","protected":false},"author":1,"featured_media":0,"parent":0,"menu_order":0,"comment_status":"closed","ping_status":"closed","template":"","meta":{"footnotes":""},"class_list":["post-31208","page","type-page","status-publish","hentry"],"_links":{"self":[{"href":"https:\/\/cubabodyshop.com\/en\/wp-json\/wp\/v2\/pages\/31208"}],"collection":[{"href":"https:\/\/cubabodyshop.com\/en\/wp-json\/wp\/v2\/pages"}],"about":[{"href":"https:\/\/cubabodyshop.com\/en\/wp-json\/wp\/v2\/types\/page"}],"author":[{"embeddable":true,"href":"https:\/\/cubabodyshop.com\/en\/wp-json\/wp\/v2\/users\/1"}],"replies":[{"embeddable":true,"href":"https:\/\/cubabodyshop.com\/en\/wp-json\/wp\/v2\/comments?post=31208"}],"version-history":[{"count":4,"href":"https:\/\/cubabodyshop.com\/en\/wp-json\/wp\/v2\/pages\/31208\/revisions"}],"predecessor-version":[{"id":40599,"href":"https:\/\/cubabodyshop.com\/en\/wp-json\/wp\/v2\/pages\/31208\/revisions\/40599"}],"wp:attachment":[{"href":"https:\/\/cubabodyshop.com\/en\/wp-json\/wp\/v2\/media?parent=31208"}],"curies":[{"name":"wp","href":"https:\/\/api.w.org\/{rel}","templated":true}]}}